{"id":8382,"date":"2022-04-07T17:09:31","date_gmt":"2022-04-07T17:09:31","guid":{"rendered":"https:\/\/staging.liquid-themes.com\/arc-adaptive\/?page_id=8382"},"modified":"2025-04-22T15:42:50","modified_gmt":"2025-04-22T15:42:50","slug":"hakkimizda","status":"publish","type":"page","link":"https:\/\/ozturkarchitects.com\/en\/hakkimizda\/","title":{"rendered":"About Us"},"content":{"rendered":"<div data-elementor-type=\"wp-page\" data-elementor-id=\"8382\" class=\"elementor elementor-8382\">\n\t\t\t\t\t\t<section data-section-luminosity=\"dark\" class=\"elementor-section elementor-top-section elementor-element elementor-element-df4ed92 elementor-section-full_width elementor-section-height-default elementor-section-height-default\" data-id=\"df4ed92\" data-element_type=\"section\" data-settings=\"{&quot;background_background&quot;:&quot;classic&quot;}\">\n\t\t\t\t\t\t<div class=\"elementor-container elementor-column-gap-extended\">\n\t\t\t\t\t<div class=\"elementor-column elementor-col-100 elementor-top-column elementor-element elementor-element-2fe9a41\" data-id=\"2fe9a41\" data-element_type=\"column\">\n\t\t\t<div class=\"elementor-widget-wrap elementor-element-populated\">\n\t\t\t\t\t\t<section data-parallax=\"true\" data-parallax-options=\"{&quot;ease&quot;:[&quot;linear&quot;],&quot;start&quot;:&quot;top top&quot;,&quot;end&quot;:&quot;bottom+=0% top&quot;,&quot;scrub&quot;:0.5}\" data-parallax-from=\"{&quot;y&quot;:&quot;0.1vh&quot;}\" data-parallax-to=\"{&quot;y&quot;:&quot;78vh&quot;}\" class=\"elementor-section elementor-inner-section elementor-element elementor-element-8d2b6ef elementor-section-boxed elementor-section-height-default elementor-section-height-default\" data-id=\"8d2b6ef\" data-element_type=\"section\">\n\t\t\t\t\t\t<div class=\"elementor-container elementor-column-gap-no\">\n\t\t\t\t\t<div data-custom-animations=\"true\" data-ca-options=\"{&quot;addChildTimelines&quot;:false,&quot;animationTarget&quot;:&quot;:scope &gt; .elementor-widget-wrap &gt; .elementor-element &gt; .elementor-widget-container, :scope &gt; .elementor-widget-wrap &gt; .elementor-section &gt; .elementor-container &gt; .elementor-column &gt; .elementor-widget-wrap &gt; .elementor-element:not(.lqd-el-has-inner-anim) &gt; .elementor-widget-container, :scope &gt; .elementor-widget-wrap &gt; .elementor-widget-hub_fancy_heading .lqd-split-lines .lqd-lines .split-inner, :scope &gt; .elementor-widget-wrap &gt; .elementor-widget-hub_fancy_heading .lqd-split-words .lqd-words .split-inner, :scope &gt; .elementor-widget-wrap &gt; .elementor-widget-hub_fancy_heading .lqd-split-chars .lqd-chars .split-inner, :scope &gt; .elementor-widget-wrap &gt; .elementor-widget-ld_custom_menu .lqd-fancy-menu &gt; ul &gt; li&quot;,&quot;duration&quot;:1300,&quot;delay&quot;:50,&quot;ease&quot;:&quot;power2.inOut&quot;,&quot;initValues&quot;:{&quot;opacity&quot;:0},&quot;animations&quot;:{&quot;opacity&quot;:1}}\" class=\"elementor-column elementor-col-100 elementor-inner-column elementor-element elementor-element-85bb0a4\" data-id=\"85bb0a4\" data-element_type=\"column\">\n\t\t\t<div class=\"elementor-widget-wrap elementor-element-populated\">\n\t\t\t\t\t\t<div class=\"elementor-element elementor-element-6880ccc elementor-widget elementor-widget-hub_fancy_heading lqd-el-has-inner-anim\" data-id=\"6880ccc\" data-element_type=\"widget\" data-settings=\"{&quot;enable_split&quot;:&quot;true&quot;,&quot;split_type&quot;:&quot;chars, words&quot;}\" data-widget_type=\"hub_fancy_heading.default\">\n\t\t\t\t<div class=\"elementor-widget-container\">\n\t\t\t\t\t\n\t\t<div id=\"ld-fancy-heading-69e151b96dc81\" class=\"ld-fancy-heading pos-rel\">\n\t\t\t<h1 class=\"ld-fh-element d-inline-block pos-rel  elementor-heading-title lqd-highlight-classic lqd-highlight-grow-left lqd-split-chars h1\"  data-split-text=\"true\" data-split-options='{\"type\":\"chars, words\"}'> About Us<\/h1>\t\t<\/div>\n\n\t\t\t\t\t\t<\/div>\n\t\t\t\t<\/div>\n\t\t\t\t\t<\/div>\n\t\t<\/div>\n\t\t\t\t\t<\/div>\n\t\t<\/section>\n\t\t\t\t\t<\/div>\n\t\t<\/div>\n\t\t\t\t<div class=\"elementor-column elementor-col-100 elementor-top-column elementor-element elementor-element-2fe0e97 elementor-hidden-mobile_extra elementor-hidden-mobile\" data-id=\"2fe0e97\" data-element_type=\"column\">\n\t\t\t<div class=\"elementor-widget-wrap elementor-element-populated\">\n\t\t\t\t\t\t<section data-parallax=\"true\" data-parallax-options=\"{&quot;ease&quot;:[&quot;linear&quot;],&quot;start&quot;:&quot;top bottom&quot;,&quot;end&quot;:&quot;bottom-=120% top&quot;}\" data-parallax-from=\"{&quot;y&quot;:&quot;px&quot;,&quot;scaleX&quot;:0.8,&quot;scaleY&quot;:0.8}\" data-parallax-to=\"{&quot;y&quot;:&quot;0px&quot;,&quot;scaleX&quot;:1,&quot;scaleY&quot;:1}\" class=\"elementor-section elementor-inner-section elementor-element elementor-element-3fd6f1d elementor-section-full_width elementor-section-height-default elementor-section-height-default\" data-id=\"3fd6f1d\" data-element_type=\"section\" data-settings=\"{&quot;background_background&quot;:&quot;classic&quot;}\">\n\t\t\t\t\t\t<div class=\"elementor-container elementor-column-gap-default\">\n\t\t\t\t\t<div class=\"elementor-column elementor-col-100 elementor-inner-column elementor-element elementor-element-548a3e8\" data-id=\"548a3e8\" data-element_type=\"column\">\n\t\t\t<div class=\"elementor-widget-wrap elementor-element-populated\">\n\t\t\t\t\t\t<div class=\"elementor-element elementor-element-1da30ee pointer-events-none elementor-widget elementor-widget-ld_overlay_link lqd-overlay\" data-id=\"1da30ee\" data-element_type=\"widget\" data-widget_type=\"ld_overlay_link.default\">\n\t\t\t\t<div class=\"elementor-widget-container\">\n\t\t\t\t\t\n\t\t\t<a href=\"#\"class=\"d-block lqd-overlay z-index-3\">\n\t\t\t\t\t\t\t<\/a>\n\t\t\n\t\t\t\t\t\t<\/div>\n\t\t\t\t<\/div>\n\t\t\t\t\t<\/div>\n\t\t<\/div>\n\t\t\t\t\t<\/div>\n\t\t<\/section>\n\t\t\t\t\t<\/div>\n\t\t<\/div>\n\t\t\t\t<div class=\"elementor-column elementor-col-100 elementor-top-column elementor-element elementor-element-2ad992c\" data-id=\"2ad992c\" data-element_type=\"column\">\n\t\t\t<div class=\"elementor-widget-wrap elementor-element-populated\">\n\t\t\t\t\t\t<section class=\"elementor-section elementor-inner-section elementor-element elementor-element-7372608 elementor-section-content-middle elementor-reverse-mobile_extra elementor-reverse-mobile elementor-section-boxed elementor-section-height-default elementor-section-height-default\" data-id=\"7372608\" data-element_type=\"section\">\n\t\t\t\t\t\t<div class=\"elementor-container elementor-column-gap-default\">\n\t\t\t\t\t<div class=\"elementor-column elementor-col-50 elementor-inner-column elementor-element elementor-element-5897120\" data-id=\"5897120\" data-element_type=\"column\">\n\t\t\t<div class=\"elementor-widget-wrap elementor-element-populated\">\n\t\t\t\t\t\t<div class=\"elementor-element elementor-element-d119562 elementor-widget elementor-widget-hub_fancy_heading\" data-id=\"d119562\" data-element_type=\"widget\" data-widget_type=\"hub_fancy_heading.default\">\n\t\t\t\t<div class=\"elementor-widget-container\">\n\t\t\t\t\t\n\t\t<div id=\"ld-fancy-heading-69e151b96e928\" class=\"ld-fancy-heading pos-rel\">\n\t\t\t<p class=\"ld-fh-element d-inline-block pos-rel  lqd-highlight-classic lqd-highlight-grow-left p\"  > We are a team that continues the profession of architecture, which is a forty-year family tradition, with the participation of the new generation. We have determined our goal as providing functional, aesthetic, economical and satisfying solutions to our interlocutors by activating the experience of many years with the energy of the age.\n<br><br>\nWe believe that performing architecture means producing a concrete product that is free from showy gestures and fancy words, and that aims at the happiness of the investor and the user, but at the same time, human and professional ethics should be the main principle, and technical rules and legal boundaries should never be compromised. We define working in accordance with this belief as the &quot;success of the architect&quot;.<\/p>\t\t<\/div>\n\n\t\t\t\t\t\t<\/div>\n\t\t\t\t<\/div>\n\t\t\t\t\t<\/div>\n\t\t<\/div>\n\t\t\t\t<div class=\"elementor-column elementor-col-50 elementor-inner-column elementor-element elementor-element-aff9cc2\" data-id=\"aff9cc2\" data-element_type=\"column\">\n\t\t\t<div class=\"elementor-widget-wrap elementor-element-populated\">\n\t\t\t\t\t\t<div class=\"elementor-element elementor-element-5f370c4 elementor-widget elementor-widget-ld_fancy_image\" data-id=\"5f370c4\" data-element_type=\"widget\" data-widget_type=\"ld_fancy_image.default\">\n\t\t\t\t<div class=\"elementor-widget-container\">\n\t\t\t\t\t\n\t\t\t<div class=\"lqd-imggrp-single d-inline-flex pos-rel align-items-center justify-content-center\"   >\n\n\t\t\t\t\n\t\t\t\t<div class=\"lqd-imggrp-img-container pos-rel\" >\n\n\t\t\t\t\t<figure\n\t\t\t\t\t\tclass=\"w-100 pos-rel\"\n\t\t\t\t\t\t\t\t\t\t\t\t\t\t\t\t\t>\n\t\t\t\t\t\t<img fetchpriority=\"high\" decoding=\"async\" width=\"1000\" height=\"667\" src=\"https:\/\/ozturkarchitects.com\/wp-content\/uploads\/2025\/04\/2-1.jpg\" class=\"attachment-full size-full wp-image-9713\" alt=\"\" srcset=\"https:\/\/ozturkarchitects.com\/wp-content\/uploads\/2025\/04\/2-1.jpg 1000w, https:\/\/ozturkarchitects.com\/wp-content\/uploads\/2025\/04\/2-1-300x200.jpg 300w, https:\/\/ozturkarchitects.com\/wp-content\/uploads\/2025\/04\/2-1-720x480.jpg 720w, https:\/\/ozturkarchitects.com\/wp-content\/uploads\/2025\/04\/2-1-18x12.jpg 18w\" sizes=\"(max-width: 1000px) 100vw, 1000px\" data-mwl-img-id=\"9713\" \/>\t\t\t\t\t\t\t\t\t\t\t\t\t\t\t\t\t\t\t\t\t\t\t\t\t\t\t\t\t\t\t\t\t\t\t\t\t\t\t\t\t\t\t\t\t\t\t<\/figure>\n\n\t\t\t\t<\/div>\n\t\t\t<\/div>\n\n\t\t\t\t\t\t<\/div>\n\t\t\t\t<\/div>\n\t\t\t\t\t<\/div>\n\t\t<\/div>\n\t\t\t\t\t<\/div>\n\t\t<\/section>\n\t\t\t\t\t<\/div>\n\t\t<\/div>\n\t\t\t\t\t<\/div>\n\t\t<\/section>\n\t\t\t\t<\/div>","protected":false},"excerpt":{"rendered":"<p>Hakk\u0131m\u0131zda K\u0131rk y\u0131ll\u0131k bir aile gelene\u011fi olan mimarl\u0131k mesle\u011fini yeni nesilin de kat\u0131l\u0131m\u0131yla s\u00fcrd\u00fcrmekte olan bir ekibiz. Uzun y\u0131llar\u0131n tecr\u00fcbesini \u00e7a\u011f\u0131n enerjisi ile harekete ge\u00e7irerek muhataplar\u0131m\u0131za fonksiyonel, estetik, ekonomik, memnuniyet verici \u00e7\u00f6z\u00fcmler sunmay\u0131 amac\u0131m\u0131z olarak belirledik. Mimarl\u0131\u011f\u0131 ifa etmenin g\u00f6steri\u015fli jestler ve s\u00fcsl\u00fc laflardan azade, yat\u0131r\u0131mc\u0131 ve kullan\u0131c\u0131n\u0131n mutlulu\u011fu hedeflenerek \u00fcretilen somut bir \u00fcr\u00fcn ortaya [&hellip;]<\/p>","protected":false},"author":1,"featured_media":0,"parent":0,"menu_order":0,"comment_status":"closed","ping_status":"closed","template":"","meta":{"footnotes":""},"class_list":["post-8382","page","type-page","status-publish","hentry"],"_links":{"self":[{"href":"https:\/\/ozturkarchitects.com\/en\/wp-json\/wp\/v2\/pages\/8382","targetHints":{"allow":["GET"]}}],"collection":[{"href":"https:\/\/ozturkarchitects.com\/en\/wp-json\/wp\/v2\/pages"}],"about":[{"href":"https:\/\/ozturkarchitects.com\/en\/wp-json\/wp\/v2\/types\/page"}],"author":[{"embeddable":true,"href":"https:\/\/ozturkarchitects.com\/en\/wp-json\/wp\/v2\/users\/1"}],"replies":[{"embeddable":true,"href":"https:\/\/ozturkarchitects.com\/en\/wp-json\/wp\/v2\/comments?post=8382"}],"version-history":[{"count":52,"href":"https:\/\/ozturkarchitects.com\/en\/wp-json\/wp\/v2\/pages\/8382\/revisions"}],"predecessor-version":[{"id":10431,"href":"https:\/\/ozturkarchitects.com\/en\/wp-json\/wp\/v2\/pages\/8382\/revisions\/10431"}],"wp:attachment":[{"href":"https:\/\/ozturkarchitects.com\/en\/wp-json\/wp\/v2\/media?parent=8382"}],"curies":[{"name":"wp","href":"https:\/\/api.w.org\/{rel}","templated":true}]}}